{"id":10753,"date":"2025-09-21T19:45:16","date_gmt":"2025-09-21T19:45:16","guid":{"rendered":"https:\/\/zulagency.com\/?post_type=product&#038;p=10753"},"modified":"2025-09-21T20:39:41","modified_gmt":"2025-09-21T20:39:41","slug":"pack-marca-profesional-renueva-tu-identidad","status":"publish","type":"product","link":"https:\/\/zulagency.com\/en\/product\/pack-marca-profesional-renueva-tu-identidad\/","title":{"rendered":"Pack Marca Profesional \u2013 Renueva tu Identidad"},"content":{"rendered":"<p>\u00bfPOR QU\u00c9 OTROS VENDEN M\u00c1S?<br \/>\nPorque su marca habla antes que ellos.<\/p>\n<p>Con el Pack Marca Profesional transformar\u00e1s tu identidad visual para atraer m\u00e1s clientes y aumentar tus ventas. M\u00e1s de 1,000 negocios ya confiaron y lograron hasta +33% en ventas tras renovar su imagen.<\/p>\n<p>\u2705 Lo que incluye tu paquete:<\/p>\n<p>Dise\u00f1o de logo profesional (hasta 3 variaciones)<\/p>\n<p>Paleta de colores estrat\u00e9gica<\/p>\n<p>Tipograf\u00eda alineada a tu personalidad<\/p>\n<p>Manual de marca completo<\/p>\n<p>5 Mockups de c\u00f3mo lucir\u00e1 tu marca en la vida real<\/p>\n<p>\ud83d\udccc Beneficios clave:<\/p>\n<p>M\u00e1s valor percibido = m\u00e1s ventas<\/p>\n<p>Tu marca lista en solo una semana<\/p>\n<p>Aumenta tu confianza y autoridad en el mercado<\/p>\n<p>\ud83d\udcb3 Inversi\u00f3n especial:<\/p>\n<p>Antes: $750<\/p>\n<p>Ahora: $600<\/p>\n<p>Reserva hoy con solo $50<\/p>\n<p>Invierte en tu marca y empieza a atraer ventas reales ahora.<\/p>","protected":false},"excerpt":{"rendered":"<p>Haz que tu marca hable por ti. Con nuestro Pack Marca Profesional tendr\u00e1s un logo estrat\u00e9gico, paleta de colores, tipograf\u00eda alineada y un manual completo en solo 7 d\u00edas.<br \/>\n\ud83d\udc49 Reserva hoy con $50 y asegura tu lugar.<\/p>","protected":false},"featured_media":10754,"comment_status":"open","ping_status":"closed","template":"","meta":{"site-sidebar-layout":"default","site-content-layout":"","ast-site-content-layout":"default","site-content-style":"default","site-sidebar-style":"default","ast-global-header-display":"","ast-banner-title-visibility":"","ast-main-header-display":"","ast-hfb-above-header-display":"","ast-hfb-below-header-display":"","ast-hfb-mobile-header-display":"","site-post-title":"","ast-breadcrumbs-content":"","ast-featured-img":"","footer-sml-layout":"","theme-transparent-header-meta":"default","adv-header-id-meta":"","stick-header-meta":"","header-above-stick-meta":"","header-main-stick-meta":"","header-below-stick-meta":"","astra-migrate-meta-layouts":"set","ast-page-background-enabled":"default","ast-page-background-meta":{"desktop":{"background-color":"var(--ast-global-color-4)","background-image":"","background-repeat":"repeat","background-position":"center center","background-size":"auto","background-attachment":"scroll","background-type":"","background-media":"","overlay-type":"","overlay-color":"","overlay-opacity":"","overlay-gradient":""},"tablet":{"background-color":"","background-image":"","background-repeat":"repeat","background-position":"center center","background-size":"auto","background-attachment":"scroll","background-type":"","background-media":"","overlay-type":"","overlay-color":"","overlay-opacity":"","overlay-gradient":""},"mobile":{"background-color":"","background-image":"","background-repeat":"repeat","background-position":"center center","background-size":"auto","background-attachment":"scroll","background-type":"","background-media":"","overlay-type":"","overlay-color":"","overlay-opacity":"","overlay-gradient":""}},"ast-content-background-meta":{"desktop":{"background-color":"var(--ast-global-color-5)","background-image":"","background-repeat":"repeat","background-position":"center center","background-size":"auto","background-attachment":"scroll","background-type":"","background-media":"","overlay-type":"","overlay-color":"","overlay-opacity":"","overlay-gradient":""},"tablet":{"background-color":"var(--ast-global-color-5)","background-image":"","background-repeat":"repeat","background-position":"center center","background-size":"auto","background-attachment":"scroll","background-type":"","background-media":"","overlay-type":"","overlay-color":"","overlay-opacity":"","overlay-gradient":""},"mobile":{"background-color":"var(--ast-global-color-5)","background-image":"","background-repeat":"repeat","background-position":"center center","background-size":"auto","background-attachment":"scroll","background-type":"","background-media":"","overlay-type":"","overlay-color":"","overlay-opacity":"","overlay-gradient":""}},"_joinchat":[]},"product_brand":[],"product_cat":[30],"product_tag":[31,32,33,34,35],"class_list":{"0":"post-10753","1":"product","2":"type-product","3":"status-publish","4":"has-post-thumbnail","6":"product_cat-sin-categorizar","7":"product_tag-branding","8":"product_tag-diseno-de-logos","9":"product_tag-identidad-visual","10":"product_tag-manual-de-marca","11":"product_tag-negocios","12":"desktop-align-left","13":"tablet-align-left","14":"mobile-align-left","16":"first","17":"instock","18":"sale","19":"shipping-taxable","20":"purchasable","21":"product-type-simple"},"_links":{"self":[{"href":"https:\/\/zulagency.com\/en\/wp-json\/wp\/v2\/product\/10753","targetHints":{"allow":["GET"]}}],"collection":[{"href":"https:\/\/zulagency.com\/en\/wp-json\/wp\/v2\/product"}],"about":[{"href":"https:\/\/zulagency.com\/en\/wp-json\/wp\/v2\/types\/product"}],"replies":[{"embeddable":true,"href":"https:\/\/zulagency.com\/en\/wp-json\/wp\/v2\/comments?post=10753"}],"wp:featuredmedia":[{"embeddable":true,"href":"https:\/\/zulagency.com\/en\/wp-json\/wp\/v2\/media\/10754"}],"wp:attachment":[{"href":"https:\/\/zulagency.com\/en\/wp-json\/wp\/v2\/media?parent=10753"}],"wp:term":[{"taxonomy":"product_brand","embeddable":true,"href":"https:\/\/zulagency.com\/en\/wp-json\/wp\/v2\/product_brand?post=10753"},{"taxonomy":"product_cat","embeddable":true,"href":"https:\/\/zulagency.com\/en\/wp-json\/wp\/v2\/product_cat?post=10753"},{"taxonomy":"product_tag","embeddable":true,"href":"https:\/\/zulagency.com\/en\/wp-json\/wp\/v2\/product_tag?post=10753"}],"curies":[{"name":"wp","href":"https:\/\/api.w.org\/{rel}","templated":true}]}}